{"id":4117,"date":"2025-02-11T09:03:59","date_gmt":"2025-02-11T07:03:59","guid":{"rendered":"https:\/\/archimandritis.fr\/essais\/"},"modified":"2025-02-24T18:20:43","modified_gmt":"2025-02-24T16:20:43","slug":"essais","status":"publish","type":"page","link":"https:\/\/archimandritis.fr\/fr\/essais\/","title":{"rendered":"ESSAIS"},"content":{"rendered":"\t\t<div data-elementor-type=\"wp-page\" data-elementor-id=\"4117\" class=\"elementor elementor-4117 elementor-3877\" data-elementor-post-type=\"page\">\n\t\t\t\t\t\t<section class=\"elementor-section elementor-top-section elementor-element elementor-element-e30fd2d elementor-section-boxed elementor-section-height-default elementor-section-height-default\" data-id=\"e30fd2d\" data-element_type=\"section\" data-e-type=\"section\">\n\t\t\t\t\t\t<div class=\"elementor-container elementor-column-gap-extended\">\n\t\t\t\t\t<div class=\"elementor-column elementor-col-100 elementor-top-column elementor-element elementor-element-013a13b sc_layouts_column_icons_position_left\" data-id=\"013a13b\" data-element_type=\"column\" data-e-type=\"column\">\n\t\t\t<div class=\"elementor-widget-wrap elementor-element-populated\">\n\t\t\t\t\t\t<div class=\"elementor-element elementor-element-b6dfdd2 elementor-widget elementor-widget-heading\" data-id=\"b6dfdd2\" data-element_type=\"widget\" data-e-type=\"widget\" data-widget_type=\"heading.default\">\n\t\t\t\t<div class=\"elementor-widget-container\">\n\t\t\t\t\t<h2 class=\"elementor-heading-title elementor-size-default\">Ses essais<\/h2>\t\t\t\t<\/div>\n\t\t\t\t<\/div>\n\t\t\t\t<div class=\"elementor-element elementor-element-58bd0ef elementor-widget-divider--view-line elementor-widget elementor-widget-divider\" data-id=\"58bd0ef\" data-element_type=\"widget\" data-e-type=\"widget\" data-widget_type=\"divider.default\">\n\t\t\t\t<div class=\"elementor-widget-container\">\n\t\t\t\t\t\t\t<div class=\"elementor-divider\">\n\t\t\t<span class=\"elementor-divider-separator\">\n\t\t\t\t\t\t<\/span>\n\t\t<\/div>\n\t\t\t\t\t\t<\/div>\n\t\t\t\t<\/div>\n\t\t\t\t\t<\/div>\n\t\t<\/div>\n\t\t\t\t\t<\/div>\n\t\t<\/section>\n\t\t\t\t<section class=\"elementor-section elementor-top-section elementor-element elementor-element-6b0f1fb elementor-section-boxed elementor-section-height-default elementor-section-height-default\" data-id=\"6b0f1fb\" data-element_type=\"section\" data-e-type=\"section\">\n\t\t\t\t\t\t<div class=\"elementor-container elementor-column-gap-extended\">\n\t\t\t\t\t<div class=\"elementor-column elementor-col-50 elementor-top-column elementor-element elementor-element-2a83519 sc_layouts_column_icons_position_left\" data-id=\"2a83519\" data-element_type=\"column\" data-e-type=\"column\">\n\t\t\t<div class=\"elementor-widget-wrap elementor-element-populated\">\n\t\t\t\t\t\t<div class=\"elementor-element elementor-element-dd98d39 elementor-widget elementor-widget-image\" data-id=\"dd98d39\" data-element_type=\"widget\" data-e-type=\"widget\" data-widget_type=\"image.default\">\n\t\t\t\t<div class=\"elementor-widget-container\">\n\t\t\t\t\t\t\t\t\t\t\t\t\t\t\t<img decoding=\"async\" src=\"https:\/\/archimandritis.fr\/wp-content\/uploads\/elementor\/thumbs\/IMG_1545-scaled-r1c6kxgq3lvo09recjiml06d2f3netsjrc2nsvhqm8.jpg\" title=\"IMG_1545\" alt=\"IMG_1545\" loading=\"lazy\" \/>\t\t\t\t\t\t\t\t\t\t\t\t\t\t\t<\/div>\n\t\t\t\t<\/div>\n\t\t\t\t\t<\/div>\n\t\t<\/div>\n\t\t\t\t<div class=\"elementor-column elementor-col-50 elementor-top-column elementor-element elementor-element-c91588e sc_layouts_column_icons_position_left\" data-id=\"c91588e\" data-element_type=\"column\" data-e-type=\"column\">\n\t\t\t<div class=\"elementor-widget-wrap elementor-element-populated\">\n\t\t\t\t\t\t<div class=\"elementor-element elementor-element-f1e6169 elementor-widget elementor-widget-text-editor\" data-id=\"f1e6169\" data-element_type=\"widget\" data-e-type=\"widget\" data-widget_type=\"text-editor.default\">\n\t\t\t\t<div class=\"elementor-widget-container\">\n\t\t\t\t\t\t\t\t\t<p><b>Le mythe d\u2019Orph\u00e9e dans le th\u00e9\u00e2tre et le cin\u00e9ma du 20\u00e8me si\u00e8cle<\/b><\/p><p>Au 20\u00e8me si\u00e8cle, le choix du mythe orphique ouvre une porte sur le myst\u00e8re, le r\u00eave et le lyrisme, dans une \u00e9poque de d\u00e9sillusions, de conflits et d&rsquo;oppositions. Si le mythe est un id\u00e9al \u00e0 atteindre, une utopie, le mythe d&rsquo;Orph\u00e9e est le mythe des mythes, le mythe de l&rsquo;id\u00e9al par excellence et de l&rsquo;\u00e9vasion vers un ailleurs, \u00e9l\u00e9ments qui caract\u00e9risent tous les \u00e9crivains qui ont consacr\u00e9 \u00e0 ce mythe une place plus ou moins grande dans leur \u0153uvre : Victor Segalen, Jean Cocteau, Tennessee Williams, Jean Anouilh, Marcel Camus, George Skourtis sont des auteurs qui ont trouv\u00e9 dans le mythe d&rsquo;Orph\u00e9e l&rsquo;occasion de parler de Justice, de Puret\u00e9, d&rsquo;Art ou de Beaut\u00e9.<span style=\"font-size: 18px;\">\u00a0<\/span><\/p><p>Dans cette \u00e9tude, Yorgos Archimandritis aborde le mythe \u00e0 travers les transformations que lui a impos\u00e9es l&rsquo;art dramatique, pour montrer comment son noyau symbolique continue d&rsquo;exister, comme s&rsquo;il jaillissait de l&rsquo;inconscient universel, selon la th\u00e9orie de Jung, et qu&rsquo;il r\u00e9apparaissait inexplicablement semblable dans les \u0153uvres de chaque \u00e9poque.<\/p><p>L\u2019ouvrage est publi\u00e9 par <a href=\"https:\/\/www.septentrion.com\/\" target=\"_blank\" rel=\"noopener\">Septentrion Presses Universitaires<\/a><\/p>\t\t\t\t\t\t\t\t<\/div>\n\t\t\t\t<\/div>\n\t\t\t\t<div class=\"elementor-element elementor-element-c490b30 elementor-widget-divider--view-line elementor-widget elementor-widget-divider\" data-id=\"c490b30\" data-element_type=\"widget\" data-e-type=\"widget\" data-widget_type=\"divider.default\">\n\t\t\t\t<div class=\"elementor-widget-container\">\n\t\t\t\t\t\t\t<div class=\"elementor-divider\">\n\t\t\t<span class=\"elementor-divider-separator\">\n\t\t\t\t\t\t<\/span>\n\t\t<\/div>\n\t\t\t\t\t\t<\/div>\n\t\t\t\t<\/div>\n\t\t\t\t\t<\/div>\n\t\t<\/div>\n\t\t\t\t\t<\/div>\n\t\t<\/section>\n\t\t\t\t<\/div>\n\t\t","protected":false},"excerpt":{"rendered":"<p>Ses essais Le mythe d\u2019Orph\u00e9e dans le th\u00e9\u00e2tre et le cin\u00e9ma du 20\u00e8me si\u00e8cle Au 20\u00e8me si\u00e8cle, le choix du&hellip;<\/p>\n","protected":false},"author":6,"featured_media":0,"parent":0,"menu_order":0,"comment_status":"closed","ping_status":"closed","template":"","meta":{"footnotes":""},"class_list":["post-4117","page","type-page","status-publish","hentry"],"_links":{"self":[{"href":"https:\/\/archimandritis.fr\/fr\/wp-json\/wp\/v2\/pages\/4117","targetHints":{"allow":["GET"]}}],"collection":[{"href":"https:\/\/archimandritis.fr\/fr\/wp-json\/wp\/v2\/pages"}],"about":[{"href":"https:\/\/archimandritis.fr\/fr\/wp-json\/wp\/v2\/types\/page"}],"author":[{"embeddable":true,"href":"https:\/\/archimandritis.fr\/fr\/wp-json\/wp\/v2\/users\/6"}],"replies":[{"embeddable":true,"href":"https:\/\/archimandritis.fr\/fr\/wp-json\/wp\/v2\/comments?post=4117"}],"version-history":[{"count":19,"href":"https:\/\/archimandritis.fr\/fr\/wp-json\/wp\/v2\/pages\/4117\/revisions"}],"predecessor-version":[{"id":4191,"href":"https:\/\/archimandritis.fr\/fr\/wp-json\/wp\/v2\/pages\/4117\/revisions\/4191"}],"wp:attachment":[{"href":"https:\/\/archimandritis.fr\/fr\/wp-json\/wp\/v2\/media?parent=4117"}],"curies":[{"name":"wp","href":"https:\/\/api.w.org\/{rel}","templated":true}]}}