{"id":4083,"date":"2025-02-03T10:21:31","date_gmt":"2025-02-03T08:21:31","guid":{"rendered":"https:\/\/archimandritis.fr\/livres\/"},"modified":"2025-02-28T10:56:02","modified_gmt":"2025-02-28T08:56:02","slug":"livres","status":"publish","type":"page","link":"https:\/\/archimandritis.fr\/fr\/livres\/","title":{"rendered":"LIVRES"},"content":{"rendered":"\t\t<div data-elementor-type=\"wp-page\" data-elementor-id=\"4083\" class=\"elementor elementor-4083 elementor-3205\" data-elementor-post-type=\"page\">\n\t\t\t\t\t\t<section class=\"elementor-section elementor-top-section elementor-element elementor-element-779f560 elementor-section-boxed elementor-section-height-default elementor-section-height-default\" data-id=\"779f560\" data-element_type=\"section\" data-e-type=\"section\">\n\t\t\t\t\t\t<div class=\"elementor-container elementor-column-gap-extended\">\n\t\t\t\t\t<div class=\"elementor-column elementor-col-100 elementor-top-column elementor-element elementor-element-860ad9c sc_layouts_column_icons_position_left\" data-id=\"860ad9c\" data-element_type=\"column\" data-e-type=\"column\">\n\t\t\t<div class=\"elementor-widget-wrap elementor-element-populated\">\n\t\t\t\t\t\t<div class=\"elementor-element elementor-element-f1e6169 elementor-widget elementor-widget-text-editor\" data-id=\"f1e6169\" data-element_type=\"widget\" data-e-type=\"widget\" data-widget_type=\"text-editor.default\">\n\t\t\t\t<div class=\"elementor-widget-container\">\n\t\t\t\t\t\t\t\t\t<p>Yorgos Archimandritis est l\u2019auteur des livres sur la vie et l\u2019\u0153uvre de grandes personnalit\u00e9s qui ont marqu\u00e9 la culture de notre \u00e9poque.<\/p><p>Le livre <i>Mot \u00e0 Mot<\/i> qu\u2019il co-signe avec Danielle Mitterrand a paru aux \u00e9ditions Le Cherche-Midi et ses livres <i>Mikis Th\u00e9odorakis par lui-m\u00eame<\/i> et <i>Th\u00e9o Angelopoulos &#8211; Le temps suspendu<\/i> ont paru aux \u00e9ditions Actes Sud, ainsi qu\u2019aux \u00e9ditions Patakis en Gr\u00e8ce. Ses livres <i>M\u00e9lina &#8211; Une star en Am\u00e9rique<\/i> sur l\u2019actrice et femme politique M\u00e9lina Mercouri, <i>Yannis Behrakis &#8211; Avec les yeux de l\u2019\u00e2me<\/i> sur le photojournaliste-laur\u00e9at du Prix Pulitzer Yannis Behrakis et <i>Titos Patrikios &#8211; Que le l\u00e8ve un bout de la v\u00e9rit\u00e9<\/i>, sur le grand po\u00e8te grec Titos Patrikios, ont \u00e9galement paru en Gr\u00e8ce aux \u00e9ditions Patakis.<\/p>\t\t\t\t\t\t\t\t<\/div>\n\t\t\t\t<\/div>\n\t\t\t\t<div class=\"elementor-element elementor-element-3db4c1b elementor-widget elementor-widget-heading\" data-id=\"3db4c1b\" data-element_type=\"widget\" data-e-type=\"widget\" data-widget_type=\"heading.default\">\n\t\t\t\t<div class=\"elementor-widget-container\">\n\t\t\t\t\t<h2 class=\"elementor-heading-title elementor-size-default\">Ses livres<\/h2>\t\t\t\t<\/div>\n\t\t\t\t<\/div>\n\t\t\t\t<div class=\"elementor-element elementor-element-aa4159f elementor-widget-divider--view-line elementor-widget elementor-widget-divider\" data-id=\"aa4159f\" data-element_type=\"widget\" data-e-type=\"widget\" data-widget_type=\"divider.default\">\n\t\t\t\t<div class=\"elementor-widget-container\">\n\t\t\t\t\t\t\t<div class=\"elementor-divider\">\n\t\t\t<span class=\"elementor-divider-separator\">\n\t\t\t\t\t\t<\/span>\n\t\t<\/div>\n\t\t\t\t\t\t<\/div>\n\t\t\t\t<\/div>\n\t\t\t\t<div class=\"elementor-element elementor-element-6984dd0 elementor-widget elementor-widget-spacer\" data-id=\"6984dd0\" data-element_type=\"widget\" data-e-type=\"widget\" data-widget_type=\"spacer.default\">\n\t\t\t\t<div class=\"elementor-widget-container\">\n\t\t\t\t\t\t\t<div class=\"elementor-spacer\">\n\t\t\t<div class=\"elementor-spacer-inner\"><\/div>\n\t\t<\/div>\n\t\t\t\t\t\t<\/div>\n\t\t\t\t<\/div>\n\t\t\t\t\t<\/div>\n\t\t<\/div>\n\t\t\t\t\t<\/div>\n\t\t<\/section>\n\t\t\t\t<\/div>\n\t\t","protected":false},"excerpt":{"rendered":"<p>Yorgos Archimandritis est l\u2019auteur des livres sur la vie et l\u2019\u0153uvre de grandes personnalit\u00e9s qui ont marqu\u00e9 la culture de&hellip;<\/p>\n","protected":false},"author":1,"featured_media":0,"parent":0,"menu_order":0,"comment_status":"closed","ping_status":"closed","template":"","meta":{"footnotes":""},"class_list":["post-4083","page","type-page","status-publish","hentry"],"_links":{"self":[{"href":"https:\/\/archimandritis.fr\/fr\/wp-json\/wp\/v2\/pages\/4083","targetHints":{"allow":["GET"]}}],"collection":[{"href":"https:\/\/archimandritis.fr\/fr\/wp-json\/wp\/v2\/pages"}],"about":[{"href":"https:\/\/archimandritis.fr\/fr\/wp-json\/wp\/v2\/types\/page"}],"author":[{"embeddable":true,"href":"https:\/\/archimandritis.fr\/fr\/wp-json\/wp\/v2\/users\/1"}],"replies":[{"embeddable":true,"href":"https:\/\/archimandritis.fr\/fr\/wp-json\/wp\/v2\/comments?post=4083"}],"version-history":[{"count":28,"href":"https:\/\/archimandritis.fr\/fr\/wp-json\/wp\/v2\/pages\/4083\/revisions"}],"predecessor-version":[{"id":4589,"href":"https:\/\/archimandritis.fr\/fr\/wp-json\/wp\/v2\/pages\/4083\/revisions\/4589"}],"wp:attachment":[{"href":"https:\/\/archimandritis.fr\/fr\/wp-json\/wp\/v2\/media?parent=4083"}],"curies":[{"name":"wp","href":"https:\/\/api.w.org\/{rel}","templated":true}]}}