{"id":4077,"date":"2025-02-07T09:27:42","date_gmt":"2025-02-07T07:27:42","guid":{"rendered":"https:\/\/archimandritis.fr\/accueil\/"},"modified":"2025-02-28T11:30:44","modified_gmt":"2025-02-28T09:30:44","slug":"accueil","status":"publish","type":"page","link":"https:\/\/archimandritis.fr\/fr\/","title":{"rendered":"ACCUEIL"},"content":{"rendered":"\t\t<div data-elementor-type=\"wp-post\" data-elementor-id=\"4077\" class=\"elementor elementor-4077 elementor-3759\" data-elementor-post-type=\"page\">\n\t\t\t\t\t\t<section class=\"elementor-section elementor-top-section elementor-element elementor-element-b2e4238 elementor-section-boxed elementor-section-height-default elementor-section-height-default\" data-id=\"b2e4238\" data-element_type=\"section\" data-e-type=\"section\">\n\t\t\t\t\t\t<div class=\"elementor-container elementor-column-gap-extended\">\n\t\t\t\t\t<div class=\"elementor-column elementor-col-100 elementor-top-column elementor-element elementor-element-bad51b1 sc_layouts_column_icons_position_left\" data-id=\"bad51b1\" data-element_type=\"column\" data-e-type=\"column\">\n\t\t\t<div class=\"elementor-widget-wrap elementor-element-populated\">\n\t\t\t\t\t\t<div class=\"elementor-element elementor-element-1d2eb9b elementor-hidden-desktop elementor-widget elementor-widget-heading\" data-id=\"1d2eb9b\" data-element_type=\"widget\" data-e-type=\"widget\" data-widget_type=\"heading.default\">\n\t\t\t\t<div class=\"elementor-widget-container\">\n\t\t\t\t\t<h2 class=\"elementor-heading-title elementor-size-default\">Yorgos <br>\nArchimandritis<\/h2>\t\t\t\t<\/div>\n\t\t\t\t<\/div>\n\t\t\t\t<div class=\"elementor-element elementor-element-7441ed6 elementor-hidden-tablet elementor-hidden-mobile elementor-widget elementor-widget-heading\" data-id=\"7441ed6\" data-element_type=\"widget\" data-e-type=\"widget\" data-widget_type=\"heading.default\">\n\t\t\t\t<div class=\"elementor-widget-container\">\n\t\t\t\t\t<h2 class=\"elementor-heading-title elementor-size-default\">Yorgos\nArchimandritis<\/h2>\t\t\t\t<\/div>\n\t\t\t\t<\/div>\n\t\t\t\t\t<\/div>\n\t\t<\/div>\n\t\t\t\t\t<\/div>\n\t\t<\/section>\n\t\t\t\t<section class=\"elementor-section elementor-top-section elementor-element elementor-element-095ac00 elementor-section-boxed elementor-section-height-default elementor-section-height-default\" data-id=\"095ac00\" data-element_type=\"section\" data-e-type=\"section\">\n\t\t\t\t\t\t<div class=\"elementor-container elementor-column-gap-extended\">\n\t\t\t\t\t<div class=\"elementor-column elementor-col-50 elementor-top-column elementor-element elementor-element-f4168f3 sc_layouts_column_icons_position_left\" data-id=\"f4168f3\" data-element_type=\"column\" data-e-type=\"column\">\n\t\t\t<div class=\"elementor-widget-wrap elementor-element-populated\">\n\t\t\t\t\t\t<div class=\"elementor-element elementor-element-5890fb2 scheme_default elementor-widget elementor-widget-image\" data-id=\"5890fb2\" data-element_type=\"widget\" data-e-type=\"widget\" data-widget_type=\"image.default\">\n\t\t\t\t<div class=\"elementor-widget-container\">\n\t\t\t\t\t\t\t\t\t\t\t\t\t\t\t<img fetchpriority=\"high\" decoding=\"async\" width=\"1024\" height=\"1024\" src=\"https:\/\/archimandritis.fr\/wp-content\/uploads\/2025\/02\/Yorgos_Archimandritis_2-1024x1024.jpg\" class=\"attachment-large size-large wp-image-3836\" alt=\"\" srcset=\"https:\/\/archimandritis.fr\/wp-content\/uploads\/2025\/02\/Yorgos_Archimandritis_2-1024x1024.jpg 1024w, https:\/\/archimandritis.fr\/wp-content\/uploads\/2025\/02\/Yorgos_Archimandritis_2-300x300.jpg 300w, https:\/\/archimandritis.fr\/wp-content\/uploads\/2025\/02\/Yorgos_Archimandritis_2-150x150.jpg 150w, https:\/\/archimandritis.fr\/wp-content\/uploads\/2025\/02\/Yorgos_Archimandritis_2-768x768.jpg 768w, https:\/\/archimandritis.fr\/wp-content\/uploads\/2025\/02\/Yorgos_Archimandritis_2-1536x1536.jpg 1536w, https:\/\/archimandritis.fr\/wp-content\/uploads\/2025\/02\/Yorgos_Archimandritis_2-2048x2048.jpg 2048w, https:\/\/archimandritis.fr\/wp-content\/uploads\/2025\/02\/Yorgos_Archimandritis_2-370x370.jpg 370w, https:\/\/archimandritis.fr\/wp-content\/uploads\/2025\/02\/Yorgos_Archimandritis_2-110x110.jpg 110w, https:\/\/archimandritis.fr\/wp-content\/uploads\/2025\/02\/Yorgos_Archimandritis_2-760x760.jpg 760w, https:\/\/archimandritis.fr\/wp-content\/uploads\/2025\/02\/Yorgos_Archimandritis_2-750x750.jpg 750w, https:\/\/archimandritis.fr\/wp-content\/uploads\/2025\/02\/Yorgos_Archimandritis_2-600x600.jpg 600w\" sizes=\"(max-width: 1024px) 100vw, 1024px\" \/>\t\t\t\t\t\t\t\t\t\t\t\t\t\t\t<\/div>\n\t\t\t\t<\/div>\n\t\t\t\t\t<\/div>\n\t\t<\/div>\n\t\t\t\t<div class=\"elementor-column elementor-col-50 elementor-top-column elementor-element elementor-element-3204456 sc_layouts_column_icons_position_left\" data-id=\"3204456\" data-element_type=\"column\" data-e-type=\"column\">\n\t\t\t<div class=\"elementor-widget-wrap elementor-element-populated\">\n\t\t\t\t\t\t<div class=\"elementor-element elementor-element-8201eb9 elementor-widget__width-initial elementor-widget elementor-widget-text-editor\" data-id=\"8201eb9\" data-element_type=\"widget\" data-e-type=\"widget\" data-widget_type=\"text-editor.default\">\n\t\t\t\t<div class=\"elementor-widget-container\">\n\t\t\t\t\t\t\t\t\t<p>\u00c9crivain, critique litt\u00e9raire, auteur et pr\u00e9sentateur d\u2019\u00e9missions et de documentaires culturels (TV, radio), Yorgos Archimandritis est Docteur en Litt\u00e9rature Compar\u00e9e de l\u2019universit\u00e9 Paris-Sorbonne, sp\u00e9cialis\u00e9 en mythocritique, l\u2019\u00e9tude des mythes dans la litt\u00e9rature et les arts.<\/p><p>En 2008, il a \u00e9t\u00e9 nomm\u00e9 Ambassadeur Culturel de la Gr\u00e8ce pour la Pr\u00e9sidence Fran\u00e7aise de l\u2019Union Europ\u00e9enne. En 2010, il a \u00e9t\u00e9 nomm\u00e9 Chevalier dans l\u2019Ordre des Arts et des Lettres et, en 2019, il a \u00e9t\u00e9 promu Officier dans le m\u00eame Ordre. En 2020, il a \u00e9t\u00e9 nomm\u00e9 Ambassadeur Culturel de la Fondation Hell\u00e9nique pour la Culture \u00e0 Paris.<\/p>\t\t\t\t\t\t\t\t<\/div>\n\t\t\t\t<\/div>\n\t\t\t\t\t<\/div>\n\t\t<\/div>\n\t\t\t\t\t<\/div>\n\t\t<\/section>\n\t\t\t\t<section class=\"elementor-section elementor-top-section elementor-element elementor-element-2d040fa elementor-section-boxed elementor-section-height-default elementor-section-height-default\" data-id=\"2d040fa\" data-element_type=\"section\" data-e-type=\"section\">\n\t\t\t\t\t\t<div class=\"elementor-container elementor-column-gap-extended\">\n\t\t\t\t\t<div class=\"elementor-column elementor-col-100 elementor-top-column elementor-element elementor-element-dab74ed sc_layouts_column_icons_position_left\" data-id=\"dab74ed\" data-element_type=\"column\" data-e-type=\"column\">\n\t\t\t<div class=\"elementor-widget-wrap elementor-element-populated\">\n\t\t\t\t\t\t<div class=\"elementor-element elementor-element-099936c elementor-widget elementor-widget-heading\" data-id=\"099936c\" data-element_type=\"widget\" data-e-type=\"widget\" data-widget_type=\"heading.default\">\n\t\t\t\t<div class=\"elementor-widget-container\">\n\t\t\t\t\t<h2 class=\"elementor-heading-title elementor-size-default\"><a href=\"https:\/\/archimandritis.fr\/fr\/livres\/\">Livres<\/a><\/h2>\t\t\t\t<\/div>\n\t\t\t\t<\/div>\n\t\t\t\t<div class=\"elementor-element elementor-element-9900584 elementor-widget-divider--view-line elementor-widget elementor-widget-divider\" data-id=\"9900584\" data-element_type=\"widget\" data-e-type=\"widget\" data-widget_type=\"divider.default\">\n\t\t\t\t<div class=\"elementor-widget-container\">\n\t\t\t\t\t\t\t<div class=\"elementor-divider\">\n\t\t\t<span class=\"elementor-divider-separator\">\n\t\t\t\t\t\t<\/span>\n\t\t<\/div>\n\t\t\t\t\t\t<\/div>\n\t\t\t\t<\/div>\n\t\t\t\t\t<\/div>\n\t\t<\/div>\n\t\t\t\t\t<\/div>\n\t\t<\/section>\n\t\t\t\t<section class=\"elementor-section elementor-top-section elementor-element elementor-element-f2b6b99 elementor-section-boxed elementor-section-height-default elementor-section-height-default\" data-id=\"f2b6b99\" data-element_type=\"section\" data-e-type=\"section\">\n\t\t\t\t\t\t<div class=\"elementor-container elementor-column-gap-extended\">\n\t\t\t\t\t<div class=\"elementor-column elementor-col-50 elementor-top-column elementor-element elementor-element-9feb038 sc_layouts_column_icons_position_left\" data-id=\"9feb038\" data-element_type=\"column\" data-e-type=\"column\">\n\t\t\t<div class=\"elementor-widget-wrap elementor-element-populated\">\n\t\t\t\t\t\t<div class=\"elementor-element elementor-element-4f6e8fd elementor-widget elementor-widget-heading\" data-id=\"4f6e8fd\" data-element_type=\"widget\" data-e-type=\"widget\" data-widget_type=\"heading.default\">\n\t\t\t\t<div class=\"elementor-widget-container\">\n\t\t\t\t\t<h2 class=\"elementor-heading-title elementor-size-default\"><a href=\"https:\/\/archimandritis.fr\/fr\/a-lecran\/\">\u00c0 l'\u00e9cran<\/a><\/h2>\t\t\t\t<\/div>\n\t\t\t\t<\/div>\n\t\t\t\t<div class=\"elementor-element elementor-element-345bcb2 elementor-widget-divider--view-line elementor-widget elementor-widget-divider\" data-id=\"345bcb2\" data-element_type=\"widget\" data-e-type=\"widget\" data-widget_type=\"divider.default\">\n\t\t\t\t<div class=\"elementor-widget-container\">\n\t\t\t\t\t\t\t<div class=\"elementor-divider\">\n\t\t\t<span class=\"elementor-divider-separator\">\n\t\t\t\t\t\t<\/span>\n\t\t<\/div>\n\t\t\t\t\t\t<\/div>\n\t\t\t\t<\/div>\n\t\t\t\t<div class=\"elementor-element elementor-element-6b3da07 elementor-widget elementor-widget-image\" data-id=\"6b3da07\" data-element_type=\"widget\" data-e-type=\"widget\" data-widget_type=\"image.default\">\n\t\t\t\t<div class=\"elementor-widget-container\">\n\t\t\t\t\t\t\t\t\t\t\t\t\t\t\t\t<a href=\"https:\/\/archimandritis.fr\/fr\/a-lecran\/\">\n\t\t\t\t\t\t\t<img decoding=\"async\" width=\"1200\" height=\"680\" src=\"https:\/\/archimandritis.fr\/wp-content\/uploads\/2025\/02\/Home_.jpg\" class=\"attachment-full size-full wp-image-3802\" alt=\"\" srcset=\"https:\/\/archimandritis.fr\/wp-content\/uploads\/2025\/02\/Home_.jpg 1200w, https:\/\/archimandritis.fr\/wp-content\/uploads\/2025\/02\/Home_-300x170.jpg 300w, https:\/\/archimandritis.fr\/wp-content\/uploads\/2025\/02\/Home_-1024x580.jpg 1024w, https:\/\/archimandritis.fr\/wp-content\/uploads\/2025\/02\/Home_-768x435.jpg 768w, https:\/\/archimandritis.fr\/wp-content\/uploads\/2025\/02\/Home_-370x210.jpg 370w, https:\/\/archimandritis.fr\/wp-content\/uploads\/2025\/02\/Home_-760x431.jpg 760w, https:\/\/archimandritis.fr\/wp-content\/uploads\/2025\/02\/Home_-750x425.jpg 750w, https:\/\/archimandritis.fr\/wp-content\/uploads\/2025\/02\/Home_-600x340.jpg 600w, https:\/\/archimandritis.fr\/wp-content\/uploads\/2025\/02\/Home_-270x152.jpg 270w\" sizes=\"(max-width: 1200px) 100vw, 1200px\" \/>\t\t\t\t\t\t\t\t<\/a>\n\t\t\t\t\t\t\t\t\t\t\t\t\t\t\t<\/div>\n\t\t\t\t<\/div>\n\t\t\t\t\t<\/div>\n\t\t<\/div>\n\t\t\t\t<div class=\"elementor-column elementor-col-50 elementor-top-column elementor-element elementor-element-5627d64 sc_layouts_column_icons_position_left\" data-id=\"5627d64\" data-element_type=\"column\" data-e-type=\"column\">\n\t\t\t<div class=\"elementor-widget-wrap elementor-element-populated\">\n\t\t\t\t\t\t<div class=\"elementor-element elementor-element-0d5c628 elementor-widget elementor-widget-heading\" data-id=\"0d5c628\" data-element_type=\"widget\" data-e-type=\"widget\" data-widget_type=\"heading.default\">\n\t\t\t\t<div class=\"elementor-widget-container\">\n\t\t\t\t\t<h2 class=\"elementor-heading-title elementor-size-default\"><a href=\"https:\/\/archimandritis.fr\/fr\/au-micro\/\">Au micro<\/a><\/h2>\t\t\t\t<\/div>\n\t\t\t\t<\/div>\n\t\t\t\t<div class=\"elementor-element elementor-element-1b80521 elementor-widget-divider--view-line elementor-widget elementor-widget-divider\" data-id=\"1b80521\" data-element_type=\"widget\" data-e-type=\"widget\" data-widget_type=\"divider.default\">\n\t\t\t\t<div class=\"elementor-widget-container\">\n\t\t\t\t\t\t\t<div class=\"elementor-divider\">\n\t\t\t<span class=\"elementor-divider-separator\">\n\t\t\t\t\t\t<\/span>\n\t\t<\/div>\n\t\t\t\t\t\t<\/div>\n\t\t\t\t<\/div>\n\t\t\t\t<div class=\"elementor-element elementor-element-6ea54f2 elementor-widget elementor-widget-image\" data-id=\"6ea54f2\" data-element_type=\"widget\" data-e-type=\"widget\" data-widget_type=\"image.default\">\n\t\t\t\t<div class=\"elementor-widget-container\">\n\t\t\t\t\t\t\t\t\t\t\t\t\t\t\t\t<a href=\"https:\/\/archimandritis.fr\/fr\/au-micro\/\">\n\t\t\t\t\t\t\t<img decoding=\"async\" width=\"1200\" height=\"680\" src=\"https:\/\/archimandritis.fr\/wp-content\/uploads\/2025\/02\/1200x680_microfranceculture_cchristopheabramowitz-radiofrance.jpg\" class=\"attachment-full size-full wp-image-3798\" alt=\"\" srcset=\"https:\/\/archimandritis.fr\/wp-content\/uploads\/2025\/02\/1200x680_microfranceculture_cchristopheabramowitz-radiofrance.jpg 1200w, https:\/\/archimandritis.fr\/wp-content\/uploads\/2025\/02\/1200x680_microfranceculture_cchristopheabramowitz-radiofrance-300x170.jpg 300w, https:\/\/archimandritis.fr\/wp-content\/uploads\/2025\/02\/1200x680_microfranceculture_cchristopheabramowitz-radiofrance-1024x580.jpg 1024w, https:\/\/archimandritis.fr\/wp-content\/uploads\/2025\/02\/1200x680_microfranceculture_cchristopheabramowitz-radiofrance-768x435.jpg 768w, https:\/\/archimandritis.fr\/wp-content\/uploads\/2025\/02\/1200x680_microfranceculture_cchristopheabramowitz-radiofrance-370x210.jpg 370w, https:\/\/archimandritis.fr\/wp-content\/uploads\/2025\/02\/1200x680_microfranceculture_cchristopheabramowitz-radiofrance-760x431.jpg 760w, https:\/\/archimandritis.fr\/wp-content\/uploads\/2025\/02\/1200x680_microfranceculture_cchristopheabramowitz-radiofrance-750x425.jpg 750w, https:\/\/archimandritis.fr\/wp-content\/uploads\/2025\/02\/1200x680_microfranceculture_cchristopheabramowitz-radiofrance-600x340.jpg 600w, https:\/\/archimandritis.fr\/wp-content\/uploads\/2025\/02\/1200x680_microfranceculture_cchristopheabramowitz-radiofrance-270x152.jpg 270w\" sizes=\"(max-width: 1200px) 100vw, 1200px\" \/>\t\t\t\t\t\t\t\t<\/a>\n\t\t\t\t\t\t\t\t\t\t\t\t\t\t\t<\/div>\n\t\t\t\t<\/div>\n\t\t\t\t\t<\/div>\n\t\t<\/div>\n\t\t\t\t\t<\/div>\n\t\t<\/section>\n\t\t\t\t<section class=\"elementor-section elementor-top-section elementor-element elementor-element-42a2f9e elementor-section-boxed elementor-section-height-default elementor-section-height-default\" data-id=\"42a2f9e\" data-element_type=\"section\" data-e-type=\"section\">\n\t\t\t\t\t\t<div class=\"elementor-container elementor-column-gap-extended\">\n\t\t\t\t\t<div class=\"elementor-column elementor-col-50 elementor-top-column elementor-element elementor-element-319e6de sc_layouts_column_icons_position_left\" data-id=\"319e6de\" data-element_type=\"column\" data-e-type=\"column\">\n\t\t\t<div class=\"elementor-widget-wrap elementor-element-populated\">\n\t\t\t\t\t\t<div class=\"elementor-element elementor-element-74f75e0 elementor-widget elementor-widget-heading\" data-id=\"74f75e0\" data-element_type=\"widget\" data-e-type=\"widget\" data-widget_type=\"heading.default\">\n\t\t\t\t<div class=\"elementor-widget-container\">\n\t\t\t\t\t<h2 class=\"elementor-heading-title elementor-size-default\"><a href=\"https:\/\/archimandritis.fr\/fr\/publications\/\">Publications<\/a><\/h2>\t\t\t\t<\/div>\n\t\t\t\t<\/div>\n\t\t\t\t<div class=\"elementor-element elementor-element-fe3ff17 elementor-widget-divider--view-line elementor-widget elementor-widget-divider\" data-id=\"fe3ff17\" data-element_type=\"widget\" data-e-type=\"widget\" data-widget_type=\"divider.default\">\n\t\t\t\t<div class=\"elementor-widget-container\">\n\t\t\t\t\t\t\t<div class=\"elementor-divider\">\n\t\t\t<span class=\"elementor-divider-separator\">\n\t\t\t\t\t\t<\/span>\n\t\t<\/div>\n\t\t\t\t\t\t<\/div>\n\t\t\t\t<\/div>\n\t\t\t\t<div class=\"elementor-element elementor-element-01a84f1 elementor-widget elementor-widget-image\" data-id=\"01a84f1\" data-element_type=\"widget\" data-e-type=\"widget\" data-widget_type=\"image.default\">\n\t\t\t\t<div class=\"elementor-widget-container\">\n\t\t\t\t\t\t\t\t\t\t\t\t\t\t\t\t<a href=\"https:\/\/archimandritis.fr\/fr\/publications\/\">\n\t\t\t\t\t\t\t<img loading=\"lazy\" decoding=\"async\" width=\"1200\" height=\"680\" src=\"https:\/\/archimandritis.fr\/wp-content\/uploads\/2025\/02\/Le-Monde.jpg\" class=\"attachment-full size-full wp-image-3845\" alt=\"\" srcset=\"https:\/\/archimandritis.fr\/wp-content\/uploads\/2025\/02\/Le-Monde.jpg 1200w, https:\/\/archimandritis.fr\/wp-content\/uploads\/2025\/02\/Le-Monde-300x170.jpg 300w, https:\/\/archimandritis.fr\/wp-content\/uploads\/2025\/02\/Le-Monde-1024x580.jpg 1024w, https:\/\/archimandritis.fr\/wp-content\/uploads\/2025\/02\/Le-Monde-768x435.jpg 768w, https:\/\/archimandritis.fr\/wp-content\/uploads\/2025\/02\/Le-Monde-370x210.jpg 370w, https:\/\/archimandritis.fr\/wp-content\/uploads\/2025\/02\/Le-Monde-760x431.jpg 760w, https:\/\/archimandritis.fr\/wp-content\/uploads\/2025\/02\/Le-Monde-750x425.jpg 750w, https:\/\/archimandritis.fr\/wp-content\/uploads\/2025\/02\/Le-Monde-600x340.jpg 600w, https:\/\/archimandritis.fr\/wp-content\/uploads\/2025\/02\/Le-Monde-270x152.jpg 270w\" sizes=\"(max-width: 1200px) 100vw, 1200px\" \/>\t\t\t\t\t\t\t\t<\/a>\n\t\t\t\t\t\t\t\t\t\t\t\t\t\t\t<\/div>\n\t\t\t\t<\/div>\n\t\t\t\t\t<\/div>\n\t\t<\/div>\n\t\t\t\t<div class=\"elementor-column elementor-col-50 elementor-top-column elementor-element elementor-element-271da7b sc_layouts_column_icons_position_left\" data-id=\"271da7b\" data-element_type=\"column\" data-e-type=\"column\">\n\t\t\t<div class=\"elementor-widget-wrap elementor-element-populated\">\n\t\t\t\t\t\t<div class=\"elementor-element elementor-element-ad48311 elementor-widget elementor-widget-heading\" data-id=\"ad48311\" data-element_type=\"widget\" data-e-type=\"widget\" data-widget_type=\"heading.default\">\n\t\t\t\t<div class=\"elementor-widget-container\">\n\t\t\t\t\t<h2 class=\"elementor-heading-title elementor-size-default\"><a href=\"https:\/\/archimandritis.fr\/fr\/actions-culturelles\/\">Actions culturelles<\/a><\/h2>\t\t\t\t<\/div>\n\t\t\t\t<\/div>\n\t\t\t\t<div class=\"elementor-element elementor-element-dee3d0a elementor-widget-divider--view-line elementor-widget elementor-widget-divider\" data-id=\"dee3d0a\" data-element_type=\"widget\" data-e-type=\"widget\" data-widget_type=\"divider.default\">\n\t\t\t\t<div class=\"elementor-widget-container\">\n\t\t\t\t\t\t\t<div class=\"elementor-divider\">\n\t\t\t<span class=\"elementor-divider-separator\">\n\t\t\t\t\t\t<\/span>\n\t\t<\/div>\n\t\t\t\t\t\t<\/div>\n\t\t\t\t<\/div>\n\t\t\t\t<div class=\"elementor-element elementor-element-39a3bc9 elementor-widget elementor-widget-image\" data-id=\"39a3bc9\" data-element_type=\"widget\" data-e-type=\"widget\" data-widget_type=\"image.default\">\n\t\t\t\t<div class=\"elementor-widget-container\">\n\t\t\t\t\t\t\t\t\t\t\t\t\t\t\t\t<a href=\"https:\/\/archimandritis.fr\/fr\/actions-culturelles\/\">\n\t\t\t\t\t\t\t<img loading=\"lazy\" decoding=\"async\" width=\"1200\" height=\"680\" src=\"https:\/\/archimandritis.fr\/wp-content\/uploads\/2025\/02\/Sorbone_.jpg\" class=\"attachment-full size-full wp-image-3842\" alt=\"\" srcset=\"https:\/\/archimandritis.fr\/wp-content\/uploads\/2025\/02\/Sorbone_.jpg 1200w, https:\/\/archimandritis.fr\/wp-content\/uploads\/2025\/02\/Sorbone_-300x170.jpg 300w, https:\/\/archimandritis.fr\/wp-content\/uploads\/2025\/02\/Sorbone_-1024x580.jpg 1024w, https:\/\/archimandritis.fr\/wp-content\/uploads\/2025\/02\/Sorbone_-768x435.jpg 768w, https:\/\/archimandritis.fr\/wp-content\/uploads\/2025\/02\/Sorbone_-370x210.jpg 370w, https:\/\/archimandritis.fr\/wp-content\/uploads\/2025\/02\/Sorbone_-760x431.jpg 760w, https:\/\/archimandritis.fr\/wp-content\/uploads\/2025\/02\/Sorbone_-750x425.jpg 750w, https:\/\/archimandritis.fr\/wp-content\/uploads\/2025\/02\/Sorbone_-600x340.jpg 600w, https:\/\/archimandritis.fr\/wp-content\/uploads\/2025\/02\/Sorbone_-270x152.jpg 270w\" sizes=\"(max-width: 1200px) 100vw, 1200px\" \/>\t\t\t\t\t\t\t\t<\/a>\n\t\t\t\t\t\t\t\t\t\t\t\t\t\t\t<\/div>\n\t\t\t\t<\/div>\n\t\t\t\t\t<\/div>\n\t\t<\/div>\n\t\t\t\t\t<\/div>\n\t\t<\/section>\n\t\t\t\t<section class=\"elementor-section elementor-top-section elementor-element elementor-element-4f3f0a8 elementor-section-boxed elementor-section-height-default elementor-section-height-default\" data-id=\"4f3f0a8\" data-element_type=\"section\" data-e-type=\"section\">\n\t\t\t\t\t\t<div class=\"elementor-container elementor-column-gap-extended\">\n\t\t\t\t\t<div class=\"elementor-column elementor-col-100 elementor-top-column elementor-element elementor-element-11a4747 sc_layouts_column_icons_position_left\" data-id=\"11a4747\" data-element_type=\"column\" data-e-type=\"column\">\n\t\t\t<div class=\"elementor-widget-wrap elementor-element-populated\">\n\t\t\t\t\t\t<div class=\"elementor-element elementor-element-2e08026 elementor-widget elementor-widget-spacer\" data-id=\"2e08026\" data-element_type=\"widget\" data-e-type=\"widget\" data-widget_type=\"spacer.default\">\n\t\t\t\t<div class=\"elementor-widget-container\">\n\t\t\t\t\t\t\t<div class=\"elementor-spacer\">\n\t\t\t<div class=\"elementor-spacer-inner\"><\/div>\n\t\t<\/div>\n\t\t\t\t\t\t<\/div>\n\t\t\t\t<\/div>\n\t\t\t\t\t<\/div>\n\t\t<\/div>\n\t\t\t\t\t<\/div>\n\t\t<\/section>\n\t\t\t\t<\/div>\n\t\t","protected":false},"excerpt":{"rendered":"<p>Yorgos Archimandritis Yorgos Archimandritis \u00c9crivain, critique litt\u00e9raire, auteur et pr\u00e9sentateur d\u2019\u00e9missions et de documentaires culturels (TV, radio), Yorgos Archimandritis est&hellip;<\/p>\n","protected":false},"author":1,"featured_media":0,"parent":0,"menu_order":0,"comment_status":"closed","ping_status":"closed","template":"","meta":{"footnotes":""},"class_list":["post-4077","page","type-page","status-publish","hentry"],"_links":{"self":[{"href":"https:\/\/archimandritis.fr\/fr\/wp-json\/wp\/v2\/pages\/4077","targetHints":{"allow":["GET"]}}],"collection":[{"href":"https:\/\/archimandritis.fr\/fr\/wp-json\/wp\/v2\/pages"}],"about":[{"href":"https:\/\/archimandritis.fr\/fr\/wp-json\/wp\/v2\/types\/page"}],"author":[{"embeddable":true,"href":"https:\/\/archimandritis.fr\/fr\/wp-json\/wp\/v2\/users\/1"}],"replies":[{"embeddable":true,"href":"https:\/\/archimandritis.fr\/fr\/wp-json\/wp\/v2\/comments?post=4077"}],"version-history":[{"count":54,"href":"https:\/\/archimandritis.fr\/fr\/wp-json\/wp\/v2\/pages\/4077\/revisions"}],"predecessor-version":[{"id":4656,"href":"https:\/\/archimandritis.fr\/fr\/wp-json\/wp\/v2\/pages\/4077\/revisions\/4656"}],"wp:attachment":[{"href":"https:\/\/archimandritis.fr\/fr\/wp-json\/wp\/v2\/media?parent=4077"}],"curies":[{"name":"wp","href":"https:\/\/api.w.org\/{rel}","templated":true}]}}