{"id":4057,"date":"2025-02-03T12:06:22","date_gmt":"2025-02-03T10:06:22","guid":{"rendered":"https:\/\/archimandritis.fr\/actions-culturelles\/"},"modified":"2025-02-28T10:01:45","modified_gmt":"2025-02-28T08:01:45","slug":"actions-culturelles","status":"publish","type":"page","link":"https:\/\/archimandritis.fr\/fr\/actions-culturelles\/","title":{"rendered":"ACTIONS CULTURELLES"},"content":{"rendered":"\t\t<div data-elementor-type=\"wp-page\" data-elementor-id=\"4057\" class=\"elementor elementor-4057 elementor-3347\" data-elementor-post-type=\"page\">\n\t\t\t\t\t\t<section class=\"elementor-section elementor-top-section elementor-element elementor-element-4000342 sc_layouts_row sc_layouts_row_type_compact elementor-section-boxed elementor-section-height-default elementor-section-height-default\" data-id=\"4000342\" data-element_type=\"section\" data-e-type=\"section\">\n\t\t\t\t\t\t<div class=\"elementor-container elementor-column-gap-extended\">\n\t\t\t\t\t<div class=\"elementor-column elementor-col-100 elementor-top-column elementor-element elementor-element-cdc4d92 sc_layouts_column_icons_position_left\" data-id=\"cdc4d92\" data-element_type=\"column\" data-e-type=\"column\">\n\t\t\t<div class=\"elementor-widget-wrap elementor-element-populated\">\n\t\t\t\t\t\t<div class=\"elementor-element elementor-element-f60b407 elementor-widget elementor-widget-text-editor\" data-id=\"f60b407\" data-element_type=\"widget\" data-e-type=\"widget\" data-widget_type=\"text-editor.default\">\n\t\t\t\t<div class=\"elementor-widget-container\">\n\t\t\t\t\t\t\t\t\t<p>Yorgos Archimandritis signe la conception, l&rsquo;organisation, la pr\u00e9sentation et la coordination de nombreuses conversations publiques, de tables rondes, de conf\u00e9rences, de festivals, de c\u00e9r\u00e9monies de remise de prix et d\u2019autres actions culturelles d&rsquo;envergure internationale. Parmi celles-ci, les manifestations anniversaires de la renaissance des Jeux Olympiques ou du bicentenaire de la Guerre d\u2019Ind\u00e9pendance Grecque \u00e0 l&rsquo;universit\u00e9 de la Sorbonne \u00e0 Paris, les hommages \u00e0 Mikis Th\u00e9odorakis, Th\u00e9o Angelopoulos et Melina Mercouri, ainsi que les conversations publiques avec Michel Houellebecq, Bernard-Henri L\u00e9vy, Pascal Bruckner, Yasmina Reza, Romain Gavras, Enki Bilal ou Adonis \u00e0 Ath\u00e8nes (<a href=\"https:\/\/www.ifg.gr\/\" target=\"_blank\" rel=\"noopener\">Institut fran\u00e7ais de Gr\u00e8ce<\/a>, <a href=\"https:\/\/www.onassis.org\/el\/onassis-stegi\" target=\"_blank\" rel=\"noopener\">Centre Culturel Onassis<\/a>, <a href=\"https:\/\/cycladic.gr\/\" target=\"_blank\" rel=\"noopener\">Mus\u00e9e d&rsquo;Art cycladique<\/a>).<\/p><p>Membre du Conseil d&rsquo;Administration de la Democracy and Culture Foundation, Yorgos Archimandritis participe r\u00e9guli\u00e8rement aux conf\u00e9rences internationales <i>Art for Tomorrow<\/i> et <i>Athens Democracy Forum<\/i>, organis\u00e9es en collaboration avec le journal <i>The New York Times (Doha, Ath\u00e8nes, Florence, M<\/i>ilan, Venise).<\/p>\t\t\t\t\t\t\t\t<\/div>\n\t\t\t\t<\/div>\n\t\t\t\t<div class=\"elementor-element elementor-element-5fcc720 elementor-widget elementor-widget-spacer\" data-id=\"5fcc720\" data-element_type=\"widget\" data-e-type=\"widget\" data-widget_type=\"spacer.default\">\n\t\t\t\t<div class=\"elementor-widget-container\">\n\t\t\t\t\t\t\t<div class=\"elementor-spacer\">\n\t\t\t<div class=\"elementor-spacer-inner\"><\/div>\n\t\t<\/div>\n\t\t\t\t\t\t<\/div>\n\t\t\t\t<\/div>\n\t\t\t\t\t<\/div>\n\t\t<\/div>\n\t\t\t\t\t<\/div>\n\t\t<\/section>\n\t\t\t\t<section class=\"elementor-section elementor-top-section elementor-element elementor-element-dbda24b elementor-section-boxed elementor-section-height-default elementor-section-height-default\" data-id=\"dbda24b\" data-element_type=\"section\" data-e-type=\"section\">\n\t\t\t\t\t\t<div class=\"elementor-container elementor-column-gap-extended\">\n\t\t\t\t\t<div class=\"elementor-column elementor-col-33 elementor-top-column elementor-element elementor-element-ea327e8 sc_layouts_column_icons_position_left\" data-id=\"ea327e8\" data-element_type=\"column\" data-e-type=\"column\">\n\t\t\t<div class=\"elementor-widget-wrap elementor-element-populated\">\n\t\t\t\t\t\t<div class=\"elementor-element elementor-element-c5bb4df elementor-widget elementor-widget-video\" data-id=\"c5bb4df\" data-element_type=\"widget\" data-e-type=\"widget\" data-settings=\"{&quot;youtube_url&quot;:&quot;https:\\\/\\\/www.youtube.com\\\/watch?v=Y4Gl0F8wpZM&amp;list=PLDqTXZIf4wF_RIKubdi3ksf4uNeQ2q8W2&amp;index=9&quot;,&quot;video_type&quot;:&quot;youtube&quot;,&quot;controls&quot;:&quot;yes&quot;}\" data-widget_type=\"video.default\">\n\t\t\t\t<div class=\"elementor-widget-container\">\n\t\t\t\t\t\t\t<div class=\"elementor-wrapper elementor-open-inline\">\n\t\t\t<div class=\"elementor-video\"><\/div>\t\t<\/div>\n\t\t\t\t\t\t<\/div>\n\t\t\t\t<\/div>\n\t\t\t\t<div class=\"elementor-element elementor-element-202116e elementor-widget elementor-widget-text-editor\" data-id=\"202116e\" data-element_type=\"widget\" data-e-type=\"widget\" data-widget_type=\"text-editor.default\">\n\t\t\t\t<div class=\"elementor-widget-container\">\n\t\t\t\t\t\t\t\t\t<p>Conversation avec l&rsquo;artiste Jeff Koons et le collectionneur d&rsquo;art contemporain Dakis Joannou, dans le cadre de la conf\u00e9rence <a href=\"https:\/\/www.artfortomorrow.org\/\" target=\"_blank\" rel=\"noopener\">Art for Tomorrow<\/a> de la <a href=\"https:\/\/www.democracyculturefoundation.org\/\" target=\"_blank\" rel=\"noopener\">Democracy and Culture Foundation<\/a> en collaboration avec le journal <a href=\"https:\/\/www.nytimes.com\/international\/\" target=\"_blank\" rel=\"noopener\">New York Times<\/a> (Doha, 2016). <\/p>\n\t\t\t\t\t\t\t\t<\/div>\n\t\t\t\t<\/div>\n\t\t\t\t\t<\/div>\n\t\t<\/div>\n\t\t\t\t<div class=\"elementor-column elementor-col-33 elementor-top-column elementor-element elementor-element-29b4adb sc_layouts_column_icons_position_left\" data-id=\"29b4adb\" data-element_type=\"column\" data-e-type=\"column\">\n\t\t\t<div class=\"elementor-widget-wrap elementor-element-populated\">\n\t\t\t\t\t\t<div class=\"elementor-element elementor-element-6d49bbc elementor-widget elementor-widget-video\" data-id=\"6d49bbc\" data-element_type=\"widget\" data-e-type=\"widget\" data-settings=\"{&quot;youtube_url&quot;:&quot;https:\\\/\\\/www.youtube.com\\\/watch?v=QuaRsvbVJ5A&quot;,&quot;video_type&quot;:&quot;youtube&quot;,&quot;controls&quot;:&quot;yes&quot;}\" data-widget_type=\"video.default\">\n\t\t\t\t<div class=\"elementor-widget-container\">\n\t\t\t\t\t\t\t<div class=\"elementor-wrapper elementor-open-inline\">\n\t\t\t<div class=\"elementor-video\"><\/div>\t\t<\/div>\n\t\t\t\t\t\t<\/div>\n\t\t\t\t<\/div>\n\t\t\t\t<div class=\"elementor-element elementor-element-d3169d2 elementor-widget elementor-widget-text-editor\" data-id=\"d3169d2\" data-element_type=\"widget\" data-e-type=\"widget\" data-widget_type=\"text-editor.default\">\n\t\t\t\t<div class=\"elementor-widget-container\">\n\t\t\t\t\t\t\t\t\t<p>Conversation avec le r\u00e9alisateur Amos Gitai, dans le cadre de la conf\u00e9rence <a href=\"https:\/\/www.artfortomorrow.org\/\" target=\"_blank\" rel=\"noopener\">Art for Tomorrow<\/a> de la <a href=\"https:\/\/www.democracyculturefoundation.org\/\" target=\"_blank\" rel=\"noopener\">Democracy and Culture Foundation<\/a> en collaboration avec le journal <a href=\"https:\/\/www.nytimes.com\/international\/\" target=\"_blank\" rel=\"noopener\">New York Times<\/a> (Venise, 2024).<\/p>\n\t\t\t\t\t\t\t\t<\/div>\n\t\t\t\t<\/div>\n\t\t\t\t\t<\/div>\n\t\t<\/div>\n\t\t\t\t<div class=\"elementor-column elementor-col-33 elementor-top-column elementor-element elementor-element-b344e4b sc_layouts_column_icons_position_left\" data-id=\"b344e4b\" data-element_type=\"column\" data-e-type=\"column\">\n\t\t\t<div class=\"elementor-widget-wrap elementor-element-populated\">\n\t\t\t\t\t\t<div class=\"elementor-element elementor-element-b5fb5a5 elementor-widget elementor-widget-video\" data-id=\"b5fb5a5\" data-element_type=\"widget\" data-e-type=\"widget\" data-settings=\"{&quot;youtube_url&quot;:&quot;https:\\\/\\\/www.youtube.com\\\/watch?v=hQ_veDAYy4U&quot;,&quot;video_type&quot;:&quot;youtube&quot;,&quot;controls&quot;:&quot;yes&quot;}\" data-widget_type=\"video.default\">\n\t\t\t\t<div class=\"elementor-widget-container\">\n\t\t\t\t\t\t\t<div class=\"elementor-wrapper elementor-open-inline\">\n\t\t\t<div class=\"elementor-video\"><\/div>\t\t<\/div>\n\t\t\t\t\t\t<\/div>\n\t\t\t\t<\/div>\n\t\t\t\t<div class=\"elementor-element elementor-element-55f51ea elementor-widget elementor-widget-text-editor\" data-id=\"55f51ea\" data-element_type=\"widget\" data-e-type=\"widget\" data-widget_type=\"text-editor.default\">\n\t\t\t\t<div class=\"elementor-widget-container\">\n\t\t\t\t\t\t\t\t\t<p>Conversation avec l&rsquo;architecte Elisabeth de Portzamparc, dans le cadre de la conf\u00e9rence <a href=\"https:\/\/www.artfortomorrow.org\/\" target=\"_blank\" rel=\"noopener\">Art for Tomorrow<\/a> de la <a href=\"https:\/\/www.democracyculturefoundation.org\/\" target=\"_blank\" rel=\"noopener\">Democracy and Culture Foundation<\/a> en collaboration avec le journal <a href=\"https:\/\/www.nytimes.com\/international\/\" target=\"_blank\" rel=\"noopener\">The New York Times<\/a> (Florence, 2023).<\/p>\n\t\t\t\t\t\t\t\t<\/div>\n\t\t\t\t<\/div>\n\t\t\t\t\t<\/div>\n\t\t<\/div>\n\t\t\t\t\t<\/div>\n\t\t<\/section>\n\t\t\t\t<section class=\"elementor-section elementor-top-section elementor-element elementor-element-c787f14 elementor-section-boxed elementor-section-height-default elementor-section-height-default\" data-id=\"c787f14\" data-element_type=\"section\" data-e-type=\"section\">\n\t\t\t\t\t\t<div class=\"elementor-container elementor-column-gap-extended\">\n\t\t\t\t\t<div class=\"elementor-column elementor-col-33 elementor-top-column elementor-element elementor-element-d156194 sc_layouts_column_icons_position_left\" data-id=\"d156194\" data-element_type=\"column\" data-e-type=\"column\">\n\t\t\t<div class=\"elementor-widget-wrap elementor-element-populated\">\n\t\t\t\t\t\t<div class=\"elementor-element elementor-element-34bc784 elementor-widget elementor-widget-video\" data-id=\"34bc784\" data-element_type=\"widget\" data-e-type=\"widget\" data-settings=\"{&quot;youtube_url&quot;:&quot;https:\\\/\\\/www.youtube.com\\\/watch?v=mdeUt2VVGIo&amp;list=PLDqTXZIf4wF-66X2SWaD06WGMkhnhlsHF&amp;index=6&quot;,&quot;video_type&quot;:&quot;youtube&quot;,&quot;controls&quot;:&quot;yes&quot;}\" data-widget_type=\"video.default\">\n\t\t\t\t<div class=\"elementor-widget-container\">\n\t\t\t\t\t\t\t<div class=\"elementor-wrapper elementor-open-inline\">\n\t\t\t<div class=\"elementor-video\"><\/div>\t\t<\/div>\n\t\t\t\t\t\t<\/div>\n\t\t\t\t<\/div>\n\t\t\t\t<div class=\"elementor-element elementor-element-c9a47a5 elementor-widget elementor-widget-text-editor\" data-id=\"c9a47a5\" data-element_type=\"widget\" data-e-type=\"widget\" data-widget_type=\"text-editor.default\">\n\t\t\t\t<div class=\"elementor-widget-container\">\n\t\t\t\t\t\t\t\t\t<p>Conversation avec le photojournaliste Yannis Behrakis, laur\u00e9at du prix Pulitzer, dans le cadre de la conf\u00e9rence <a href=\"https:\/\/www.artfortomorrow.org\/\" target=\"_blank\" rel=\"noopener\">Art for Tomorrow<\/a> de la <a href=\"https:\/\/www.democracyculturefoundation.org\/\" target=\"_blank\" rel=\"noopener\">Democracy and Culture Foundation<\/a> en collaboration avec le journal <a href=\"https:\/\/www.nytimes.com\/international\/\" target=\"_blank\" rel=\"noopener\">The New York Times <\/a>(Doha, 2017).<\/p>\n\t\t\t\t\t\t\t\t<\/div>\n\t\t\t\t<\/div>\n\t\t\t\t\t<\/div>\n\t\t<\/div>\n\t\t\t\t<div class=\"elementor-column elementor-col-33 elementor-top-column elementor-element elementor-element-148229d sc_layouts_column_icons_position_left\" data-id=\"148229d\" data-element_type=\"column\" data-e-type=\"column\">\n\t\t\t<div class=\"elementor-widget-wrap elementor-element-populated\">\n\t\t\t\t\t\t<div class=\"elementor-element elementor-element-15f2439 elementor-widget elementor-widget-video\" data-id=\"15f2439\" data-element_type=\"widget\" data-e-type=\"widget\" data-settings=\"{&quot;youtube_url&quot;:&quot;https:\\\/\\\/www.youtube.com\\\/watch?v=kR2kXEvmcQQ&amp;list=PLNKgb6skYnUQgab0trmCcBeEo6E9Zm1iW&amp;index=3&quot;,&quot;video_type&quot;:&quot;youtube&quot;,&quot;controls&quot;:&quot;yes&quot;}\" data-widget_type=\"video.default\">\n\t\t\t\t<div class=\"elementor-widget-container\">\n\t\t\t\t\t\t\t<div class=\"elementor-wrapper elementor-open-inline\">\n\t\t\t<div class=\"elementor-video\"><\/div>\t\t<\/div>\n\t\t\t\t\t\t<\/div>\n\t\t\t\t<\/div>\n\t\t\t\t<div class=\"elementor-element elementor-element-43ba768 elementor-widget elementor-widget-text-editor\" data-id=\"43ba768\" data-element_type=\"widget\" data-e-type=\"widget\" data-widget_type=\"text-editor.default\">\n\t\t\t\t<div class=\"elementor-widget-container\">\n\t\t\t\t\t\t\t\t\t<p>Conversation avec le pr\u00e9sident d&rsquo;<a href=\"https:\/\/www.arte.tv\/en\/\">ARTE<\/a> France, Bruno Patino, dans le cadre de la <em>Nuit des Id\u00e9es<\/em> de <a href=\"https:\/\/www.ifg.gr\/\" target=\"_blank\" rel=\"noopener\">l&rsquo;Institut Fran\u00e7ais de Gr\u00e8ce<\/a> (Ath\u00e8nes, 2021).<\/p>\t\t\t\t\t\t\t\t<\/div>\n\t\t\t\t<\/div>\n\t\t\t\t\t<\/div>\n\t\t<\/div>\n\t\t\t\t<div class=\"elementor-column elementor-col-33 elementor-top-column elementor-element elementor-element-4ee97a3 sc_layouts_column_icons_position_left\" data-id=\"4ee97a3\" data-element_type=\"column\" data-e-type=\"column\">\n\t\t\t<div class=\"elementor-widget-wrap elementor-element-populated\">\n\t\t\t\t\t\t<div class=\"elementor-element elementor-element-41e9de9 elementor-widget elementor-widget-video\" data-id=\"41e9de9\" data-element_type=\"widget\" data-e-type=\"widget\" data-settings=\"{&quot;youtube_url&quot;:&quot;https:\\\/\\\/www.youtube.com\\\/watch?v=92soLmm0JCQ&quot;,&quot;video_type&quot;:&quot;youtube&quot;,&quot;controls&quot;:&quot;yes&quot;}\" data-widget_type=\"video.default\">\n\t\t\t\t<div class=\"elementor-widget-container\">\n\t\t\t\t\t\t\t<div class=\"elementor-wrapper elementor-open-inline\">\n\t\t\t<div class=\"elementor-video\"><\/div>\t\t<\/div>\n\t\t\t\t\t\t<\/div>\n\t\t\t\t<\/div>\n\t\t\t\t<div class=\"elementor-element elementor-element-3a09266 elementor-widget elementor-widget-text-editor\" data-id=\"3a09266\" data-element_type=\"widget\" data-e-type=\"widget\" data-widget_type=\"text-editor.default\">\n\t\t\t\t<div class=\"elementor-widget-container\">\n\t\t\t\t\t\t\t\t\t<p>Conversation avec l&rsquo;\u00e9crivain Michel Houellebecq et le philosophe Bernard &#8211; Henri L\u00e9vy \u00e0 <a href=\"https:\/\/www.ifg.gr\/\" target=\"_blank\" rel=\"noopener\">l&rsquo;Institut Fran\u00e7ais de Gr\u00e8ce<\/a> (Ath\u00e8nes, 2010).<\/p>\t\t\t\t\t\t\t\t<\/div>\n\t\t\t\t<\/div>\n\t\t\t\t\t<\/div>\n\t\t<\/div>\n\t\t\t\t\t<\/div>\n\t\t<\/section>\n\t\t\t\t<\/div>\n\t\t","protected":false},"excerpt":{"rendered":"<p>Yorgos Archimandritis signe la conception, l&rsquo;organisation, la pr\u00e9sentation et la coordination de nombreuses conversations publiques, de tables rondes, de conf\u00e9rences,&hellip;<\/p>\n","protected":false},"author":1,"featured_media":0,"parent":0,"menu_order":0,"comment_status":"closed","ping_status":"closed","template":"","meta":{"footnotes":""},"class_list":["post-4057","page","type-page","status-publish","hentry"],"_links":{"self":[{"href":"https:\/\/archimandritis.fr\/fr\/wp-json\/wp\/v2\/pages\/4057","targetHints":{"allow":["GET"]}}],"collection":[{"href":"https:\/\/archimandritis.fr\/fr\/wp-json\/wp\/v2\/pages"}],"about":[{"href":"https:\/\/archimandritis.fr\/fr\/wp-json\/wp\/v2\/types\/page"}],"author":[{"embeddable":true,"href":"https:\/\/archimandritis.fr\/fr\/wp-json\/wp\/v2\/users\/1"}],"replies":[{"embeddable":true,"href":"https:\/\/archimandritis.fr\/fr\/wp-json\/wp\/v2\/comments?post=4057"}],"version-history":[{"count":13,"href":"https:\/\/archimandritis.fr\/fr\/wp-json\/wp\/v2\/pages\/4057\/revisions"}],"predecessor-version":[{"id":4456,"href":"https:\/\/archimandritis.fr\/fr\/wp-json\/wp\/v2\/pages\/4057\/revisions\/4456"}],"wp:attachment":[{"href":"https:\/\/archimandritis.fr\/fr\/wp-json\/wp\/v2\/media?parent=4057"}],"curies":[{"name":"wp","href":"https:\/\/api.w.org\/{rel}","templated":true}]}}