{"id":4008,"date":"2018-03-07T16:03:25","date_gmt":"2018-03-07T14:03:25","guid":{"rendered":"https:\/\/archimandritis.fr\/biographie\/"},"modified":"2025-02-28T11:07:23","modified_gmt":"2025-02-28T09:07:23","slug":"biographie","status":"publish","type":"page","link":"https:\/\/archimandritis.fr\/fr\/biographie\/","title":{"rendered":"BIOGRAPHIE"},"content":{"rendered":"\t\t<div data-elementor-type=\"wp-post\" data-elementor-id=\"4008\" class=\"elementor elementor-4008 elementor-161\" data-elementor-post-type=\"page\">\n\t\t\t\t\t\t<section class=\"elementor-section elementor-top-section elementor-element elementor-element-e93a48a elementor-section-stretched elementor-section-boxed elementor-section-height-default elementor-section-height-default\" data-id=\"e93a48a\" data-element_type=\"section\" data-e-type=\"section\" data-settings=\"{&quot;stretch_section&quot;:&quot;section-stretched&quot;,&quot;background_background&quot;:&quot;classic&quot;}\">\n\t\t\t\t\t\t<div class=\"elementor-container elementor-column-gap-extended\">\n\t\t\t\t\t<div class=\"elementor-column elementor-col-100 elementor-top-column elementor-element elementor-element-e19a5ed sc_layouts_column_icons_position_left\" data-id=\"e19a5ed\" data-element_type=\"column\" data-e-type=\"column\">\n\t\t\t<div class=\"elementor-widget-wrap elementor-element-populated\">\n\t\t\t\t\t\t<div class=\"elementor-element elementor-element-69e24c1 elementor-widget elementor-widget-spacer\" data-id=\"69e24c1\" data-element_type=\"widget\" data-e-type=\"widget\" data-widget_type=\"spacer.default\">\n\t\t\t\t<div class=\"elementor-widget-container\">\n\t\t\t\t\t\t\t<div class=\"elementor-spacer\">\n\t\t\t<div class=\"elementor-spacer-inner\"><\/div>\n\t\t<\/div>\n\t\t\t\t\t\t<\/div>\n\t\t\t\t<\/div>\n\t\t\t\t<div class=\"elementor-element elementor-element-0c2aa6a elementor-widget elementor-widget-testimonial\" data-id=\"0c2aa6a\" data-element_type=\"widget\" data-e-type=\"widget\" data-widget_type=\"testimonial.default\">\n\t\t\t\t<div class=\"elementor-widget-container\">\n\t\t\t\t\t\t\t<div class=\"elementor-testimonial-wrapper\">\n\t\t\t\t\t\t\t<div class=\"elementor-testimonial-content\"><p>Yorgos Archimandritis<\/p>\n<\/div>\n\t\t\t\n\t\t\t\t\t\t<div class=\"elementor-testimonial-meta elementor-has-image elementor-testimonial-image-position-top\">\n\t\t\t\t<div class=\"elementor-testimonial-meta-inner\">\n\t\t\t\t\t\t\t\t\t\t\t<div class=\"elementor-testimonial-image\">\n\t\t\t\t\t\t\t<img decoding=\"async\" width=\"139\" height=\"139\" src=\"https:\/\/archimandritis.fr\/wp-content\/uploads\/2025\/01\/Profile-YA.png\" class=\"attachment-full size-full wp-image-3017\" alt=\"\" srcset=\"https:\/\/archimandritis.fr\/wp-content\/uploads\/2025\/01\/Profile-YA.png 139w, https:\/\/archimandritis.fr\/wp-content\/uploads\/2025\/01\/Profile-YA-110x110.png 110w\" sizes=\"(max-width: 139px) 100vw, 139px\" \/>\t\t\t\t\t\t<\/div>\n\t\t\t\t\t\n\t\t\t\t\t\t\t\t\t<\/div>\n\t\t\t<\/div>\n\t\t\t\t\t<\/div>\n\t\t\t\t\t\t<\/div>\n\t\t\t\t<\/div>\n\t\t\t\t\t<\/div>\n\t\t<\/div>\n\t\t\t\t\t<\/div>\n\t\t<\/section>\n\t\t\t\t<section class=\"elementor-section elementor-top-section elementor-element elementor-element-2b82ecb elementor-section-boxed elementor-section-height-default elementor-section-height-default\" data-id=\"2b82ecb\" data-element_type=\"section\" data-e-type=\"section\">\n\t\t\t\t\t\t<div class=\"elementor-container elementor-column-gap-extended\">\n\t\t\t\t\t<div class=\"elementor-column elementor-col-100 elementor-top-column elementor-element elementor-element-eeed248 sc_layouts_column_icons_position_left\" data-id=\"eeed248\" data-element_type=\"column\" data-e-type=\"column\">\n\t\t\t<div class=\"elementor-widget-wrap elementor-element-populated\">\n\t\t\t\t\t\t<div class=\"elementor-element elementor-element-ab7c08f sc_height_medium elementor-widget elementor-widget-spacer\" data-id=\"ab7c08f\" data-element_type=\"widget\" data-e-type=\"widget\" data-widget_type=\"spacer.default\">\n\t\t\t\t<div class=\"elementor-widget-container\">\n\t\t\t\t\t\t\t<div class=\"elementor-spacer\">\n\t\t\t<div class=\"elementor-spacer-inner\"><\/div>\n\t\t<\/div>\n\t\t\t\t\t\t<\/div>\n\t\t\t\t<\/div>\n\t\t\t\t<div class=\"elementor-element elementor-element-8201eb9 elementor-widget elementor-widget-text-editor\" data-id=\"8201eb9\" data-element_type=\"widget\" data-e-type=\"widget\" data-widget_type=\"text-editor.default\">\n\t\t\t\t<div class=\"elementor-widget-container\">\n\t\t\t\t\t\t\t\t\t<p>Ecrivain, critique litt\u00e9raire, auteur et pr\u00e9sentateur d\u2019\u00e9missions et de documentaires culturels (TV, radio), Yorgos Archimandritis est Docteur en Litt\u00e9rature Compar\u00e9e de <a href=\"https:\/\/www.sorbonne-universite.fr\/\" target=\"_blank\" rel=\"noopener\">Sorbonne Universit\u00e9<\/a>, sp\u00e9cialis\u00e9 en mythocritique, l\u2019\u00e9tude des mythes dans la litt\u00e9rature et les arts. Sa th\u00e8se porte sur <i>Le mythe d\u2019Orph\u00e9e dans le th\u00e9\u00e2tre et le cin\u00e9ma du 20\u00e8me si\u00e8cle<\/i>.<\/p><p>En 2008, il a \u00e9t\u00e9 nomm\u00e9 Ambassadeur Culturel de la Gr\u00e8ce pour la Pr\u00e9sidence Fran\u00e7aise de l\u2019Union Europ\u00e9enne. En 2010, il a \u00e9t\u00e9 nomm\u00e9 Chevalier dans l\u2019Ordre des Arts et des Lettres et, en 2019, il a \u00e9t\u00e9 promu Officier dans le m\u00eame Ordre. En 2020, il a \u00e9t\u00e9 nomm\u00e9 Ambassadeur Culturel de la Fondation Hell\u00e9nique pour la Culture \u00e0 Paris.<\/p><p><span style=\"font-size: 18px; color: var( --e-global-color-secondary );\">Le livre <\/span><i style=\"font-family: inherit; font-weight: inherit; color: var( --e-global-color-secondary );\">Mot \u00e0 Mot<\/i><span style=\"font-size: 18px; color: var( --e-global-color-secondary );\"> qu\u2019il co-signe avec Danielle Mitterrand a paru aux \u00e9ditions Le Cherche-Midi et ses livres <\/span><i style=\"font-family: inherit; font-weight: inherit; color: var( --e-global-color-secondary );\">Mikis Th\u00e9odorakis par lui-m\u00eame<\/i><span style=\"font-size: 18px; color: var( --e-global-color-secondary );\"> et <\/span><i style=\"font-family: inherit; font-weight: inherit; color: var( --e-global-color-secondary );\">Th\u00e9o Angelopoulos-Le temps suspendu<\/i><span style=\"font-size: 18px; color: var( --e-global-color-secondary );\"> ont paru aux \u00e9ditions Actes Sud, ainsi qu\u2019aux \u00e9ditions <\/span><i style=\"font-family: inherit; font-weight: inherit; color: var( --e-global-color-secondary );\">Patakis en Gr\u00e8ce<\/i><span style=\"font-size: 18px; color: var( --e-global-color-secondary );\">. <\/span><i style=\"font-family: inherit; font-weight: inherit; color: var( --e-global-color-secondary );\">Ses livres<\/i> <i style=\"font-family: inherit; font-weight: inherit; color: var( --e-global-color-secondary );\">M\u00e9lina-Une star<\/i><span style=\"font-size: 18px; color: var( --e-global-color-secondary );\"> en Am\u00e9rique sur l\u2019actrice et femme politique M\u00e9lina Mercouri, <\/span><i style=\"font-family: inherit; font-weight: inherit; color: var( --e-global-color-secondary );\">Yannis Behrakis-Avec les yeux de l\u2019\u00e2me<\/i><span style=\"font-size: 18px; color: var( --e-global-color-secondary );\"> sur le photojournaliste-laur\u00e9at du Prix Pulitzer Yannis Behrakis et <\/span><i style=\"font-family: inherit; font-weight: inherit; color: var( --e-global-color-secondary );\">Titos Patrikios-Que le l\u00e8ve un bout de la v\u00e9rit\u00e9,<\/i><span style=\"font-size: 18px; color: var( --e-global-color-secondary );\"> sur le grand po\u00e8te grec Titos Patrikios, ont \u00e9galement paru en Gr\u00e8ce aux \u00e9ditions Patakis. En Gr\u00e8ce, ont paru aussi aux Editions Hestia ses traductions des pi\u00e8ces de th\u00e9\u00e2tre \u00ab <\/span><i style=\"font-family: inherit; font-weight: inherit; color: var( --e-global-color-secondary );\">Art<\/i><span style=\"font-size: 18px; color: var( --e-global-color-secondary );\"> \u00bb, <\/span><i style=\"font-family: inherit; font-weight: inherit; color: var( --e-global-color-secondary );\">Le dieu du carnage<\/i><span style=\"font-size: 18px; color: var( --e-global-color-secondary );\">,<\/span><i style=\"font-family: inherit; font-weight: inherit; color: var( --e-global-color-secondary );\"> Bella Figura<\/i><span style=\"font-size: 18px; color: var( --e-global-color-secondary );\"> et <\/span><i style=\"font-family: inherit; font-weight: inherit; color: var( --e-global-color-secondary );\">Conversations apr\u00e8s un enterrement<\/i><span style=\"font-size: 18px; color: var( --e-global-color-secondary );\"> de Yasmina Reza.<\/span><\/p><p><span style=\"font-size: 18px; color: var( --e-global-color-secondary );\">Il est le cr\u00e9ateur des <\/span><i style=\"font-family: inherit; font-weight: inherit; color: var( --e-global-color-secondary );\">Archives de notre temps<\/i><span style=\"font-size: 18px; color: var( --e-global-color-secondary );\">, une op\u00e9ration de la Fondation Culturelle de la Banque Nationale de Gr\u00e8ce (MIET), dont le but est de recueillir la parole sur leur vie, leur \u0153uvre et leur fa\u00e7on de penser des grandes figures culturelles de la Gr\u00e8ce contemporaine. Membre du Conseil de direction du The Democracy and Culture Foundation, il participe r\u00e9guli\u00e8rement aux forums internationaux <\/span><i style=\"font-family: inherit; font-weight: inherit; color: var( --e-global-color-secondary );\">Athens Democracy Forum<\/i><span style=\"font-size: 18px; color: var( --e-global-color-secondary );\"> et <\/span><i style=\"font-family: inherit; font-weight: inherit; color: var( --e-global-color-secondary );\">Art for Tomorrow<\/i><span style=\"font-size: 18px; color: var( --e-global-color-secondary );\"> qui sont organis\u00e9s en collaboration avec <\/span><i style=\"font-family: inherit; font-weight: inherit; color: var( --e-global-color-secondary );\">The New York Times<\/i><span style=\"font-size: 18px; color: var( --e-global-color-secondary );\">.<\/span><\/p><p><span style=\"font-size: 18px; color: var( --e-global-color-secondary );\">Son \u00e9mission <\/span><span style=\"font-family: inherit; font-weight: inherit; color: var( --e-global-color-secondary );\">litt\u00e9raire <\/span><i style=\"font-family: inherit; font-weight: inherit; color: var( --e-global-color-secondary );\">Book Club<\/i><span style=\"font-size: 18px; color: var( --e-global-color-secondary );\"> \u00e0 la T\u00e9l\u00e9 Nationale Grecque a pr\u00e9sent\u00e9 les chefs-d\u2019\u0153uvre de l\u2019histoire de la litt\u00e9rature. Ses documentaires et ses \u00e9missions radiophoniques sont diffus\u00e9s par <\/span><i style=\"font-family: inherit; font-weight: inherit; color: var( --e-global-color-secondary );\">France Culture<\/i><span style=\"font-size: 18px; color: var( --e-global-color-secondary );\">, la <\/span><i style=\"font-family: inherit; font-weight: inherit; color: var( --e-global-color-secondary );\">RTS (Suisse)<\/i><span style=\"font-size: 18px; color: var( --e-global-color-secondary );\"> et la radio grecque, tandis que ses grands entretiens avec des personnalit\u00e9s du monde de la culture paraissent dans la presse grecque et fran\u00e7aise.<\/span><\/p>\t\t\t\t\t\t\t\t<\/div>\n\t\t\t\t<\/div>\n\t\t\t\t<div class=\"elementor-element elementor-element-f28c954 sc_height_medium elementor-widget elementor-widget-spacer\" data-id=\"f28c954\" data-element_type=\"widget\" data-e-type=\"widget\" data-widget_type=\"spacer.default\">\n\t\t\t\t<div class=\"elementor-widget-container\">\n\t\t\t\t\t\t\t<div class=\"elementor-spacer\">\n\t\t\t<div class=\"elementor-spacer-inner\"><\/div>\n\t\t<\/div>\n\t\t\t\t\t\t<\/div>\n\t\t\t\t<\/div>\n\t\t\t\t\t<\/div>\n\t\t<\/div>\n\t\t\t\t\t<\/div>\n\t\t<\/section>\n\t\t\t\t<section class=\"elementor-section elementor-top-section elementor-element elementor-element-7b820c5 elementor-section-stretched elementor-section-height-min-height hide_bg_image_on_tablet hide_bg_image_on_mobile elementor-section-boxed elementor-section-height-default elementor-section-items-middle\" data-id=\"7b820c5\" data-element_type=\"section\" data-e-type=\"section\" data-settings=\"{&quot;stretch_section&quot;:&quot;section-stretched&quot;,&quot;background_background&quot;:&quot;classic&quot;}\">\n\t\t\t\t\t\t<div class=\"elementor-container elementor-column-gap-extended\">\n\t\t\t\t\t<div class=\"elementor-column elementor-col-16 elementor-top-column elementor-element elementor-element-51fecd0 sc_layouts_column_align_column sc_layouts_column_align_center sc_layouts_column_icons_position_left\" data-id=\"51fecd0\" data-element_type=\"column\" data-e-type=\"column\">\n\t\t\t<div class=\"elementor-widget-wrap elementor-element-populated\">\n\t\t\t\t\t\t<div class=\"elementor-element elementor-element-310adc0 elementor-hidden-desktop elementor-hidden-tablet elementor-widget elementor-widget-image\" data-id=\"310adc0\" data-element_type=\"widget\" data-e-type=\"widget\" data-widget_type=\"image.default\">\n\t\t\t\t<div class=\"elementor-widget-container\">\n\t\t\t\t\t\t\t\t\t\t\t\t\t\t\t<img fetchpriority=\"high\" decoding=\"async\" width=\"2560\" height=\"2560\" src=\"https:\/\/archimandritis.fr\/wp-content\/uploads\/2025\/02\/Yorgos-Archimandritis-Photo-by-Antonis-Petroulias-min-scaled.jpeg\" class=\"attachment-full size-full wp-image-3592\" alt=\"\" srcset=\"https:\/\/archimandritis.fr\/wp-content\/uploads\/2025\/02\/Yorgos-Archimandritis-Photo-by-Antonis-Petroulias-min-scaled.jpeg 2560w, https:\/\/archimandritis.fr\/wp-content\/uploads\/2025\/02\/Yorgos-Archimandritis-Photo-by-Antonis-Petroulias-min-300x300.jpeg 300w, https:\/\/archimandritis.fr\/wp-content\/uploads\/2025\/02\/Yorgos-Archimandritis-Photo-by-Antonis-Petroulias-min-1024x1024.jpeg 1024w, https:\/\/archimandritis.fr\/wp-content\/uploads\/2025\/02\/Yorgos-Archimandritis-Photo-by-Antonis-Petroulias-min-150x150.jpeg 150w, https:\/\/archimandritis.fr\/wp-content\/uploads\/2025\/02\/Yorgos-Archimandritis-Photo-by-Antonis-Petroulias-min-768x768.jpeg 768w, https:\/\/archimandritis.fr\/wp-content\/uploads\/2025\/02\/Yorgos-Archimandritis-Photo-by-Antonis-Petroulias-min-1536x1536.jpeg 1536w, https:\/\/archimandritis.fr\/wp-content\/uploads\/2025\/02\/Yorgos-Archimandritis-Photo-by-Antonis-Petroulias-min-2048x2048.jpeg 2048w, https:\/\/archimandritis.fr\/wp-content\/uploads\/2025\/02\/Yorgos-Archimandritis-Photo-by-Antonis-Petroulias-min-370x370.jpeg 370w, https:\/\/archimandritis.fr\/wp-content\/uploads\/2025\/02\/Yorgos-Archimandritis-Photo-by-Antonis-Petroulias-min-110x110.jpeg 110w, https:\/\/archimandritis.fr\/wp-content\/uploads\/2025\/02\/Yorgos-Archimandritis-Photo-by-Antonis-Petroulias-min-760x760.jpeg 760w, https:\/\/archimandritis.fr\/wp-content\/uploads\/2025\/02\/Yorgos-Archimandritis-Photo-by-Antonis-Petroulias-min-750x750.jpeg 750w, https:\/\/archimandritis.fr\/wp-content\/uploads\/2025\/02\/Yorgos-Archimandritis-Photo-by-Antonis-Petroulias-min-600x600.jpeg 600w\" sizes=\"(max-width: 2560px) 100vw, 2560px\" \/>\t\t\t\t\t\t\t\t\t\t\t\t\t\t\t<\/div>\n\t\t\t\t<\/div>\n\t\t\t\t\t<\/div>\n\t\t<\/div>\n\t\t\t\t<div class=\"elementor-column elementor-col-66 elementor-top-column elementor-element elementor-element-fd0c267 sc_layouts_column_icons_position_left\" data-id=\"fd0c267\" data-element_type=\"column\" data-e-type=\"column\">\n\t\t\t<div class=\"elementor-widget-wrap elementor-element-populated\">\n\t\t\t\t\t\t<div class=\"elementor-element elementor-element-ace47ba sc_height_medium elementor-widget elementor-widget-spacer\" data-id=\"ace47ba\" data-element_type=\"widget\" data-e-type=\"widget\" data-widget_type=\"spacer.default\">\n\t\t\t\t<div class=\"elementor-widget-container\">\n\t\t\t\t\t\t\t<div class=\"elementor-spacer\">\n\t\t\t<div class=\"elementor-spacer-inner\"><\/div>\n\t\t<\/div>\n\t\t\t\t\t\t<\/div>\n\t\t\t\t<\/div>\n\t\t\t\t<div class=\"elementor-element elementor-element-22c4dbf sc_height_small elementor-widget elementor-widget-spacer\" data-id=\"22c4dbf\" data-element_type=\"widget\" data-e-type=\"widget\" data-widget_type=\"spacer.default\">\n\t\t\t\t<div class=\"elementor-widget-container\">\n\t\t\t\t\t\t\t<div class=\"elementor-spacer\">\n\t\t\t<div class=\"elementor-spacer-inner\"><\/div>\n\t\t<\/div>\n\t\t\t\t\t\t<\/div>\n\t\t\t\t<\/div>\n\t\t\t\t<div class=\"elementor-element elementor-element-c0f3a61 sc_height_small elementor-widget elementor-widget-spacer\" data-id=\"c0f3a61\" data-element_type=\"widget\" data-e-type=\"widget\" data-widget_type=\"spacer.default\">\n\t\t\t\t<div class=\"elementor-widget-container\">\n\t\t\t\t\t\t\t<div class=\"elementor-spacer\">\n\t\t\t<div class=\"elementor-spacer-inner\"><\/div>\n\t\t<\/div>\n\t\t\t\t\t\t<\/div>\n\t\t\t\t<\/div>\n\t\t\t\t\t<\/div>\n\t\t<\/div>\n\t\t\t\t<div class=\"elementor-column elementor-col-16 elementor-top-column elementor-element elementor-element-6f40bf3 sc_layouts_column_icons_position_left\" data-id=\"6f40bf3\" data-element_type=\"column\" data-e-type=\"column\">\n\t\t\t<div class=\"elementor-widget-wrap\">\n\t\t\t\t\t\t\t<\/div>\n\t\t<\/div>\n\t\t\t\t\t<\/div>\n\t\t<\/section>\n\t\t\t\t<\/div>\n\t\t","protected":false},"excerpt":{"rendered":"<p>Yorgos Archimandritis Ecrivain, critique litt\u00e9raire, auteur et pr\u00e9sentateur d\u2019\u00e9missions et de documentaires culturels (TV, radio), Yorgos Archimandritis est Docteur en&hellip;<\/p>\n","protected":false},"author":1,"featured_media":0,"parent":0,"menu_order":0,"comment_status":"closed","ping_status":"closed","template":"","meta":{"footnotes":""},"class_list":["post-4008","page","type-page","status-publish","hentry"],"_links":{"self":[{"href":"https:\/\/archimandritis.fr\/fr\/wp-json\/wp\/v2\/pages\/4008","targetHints":{"allow":["GET"]}}],"collection":[{"href":"https:\/\/archimandritis.fr\/fr\/wp-json\/wp\/v2\/pages"}],"about":[{"href":"https:\/\/archimandritis.fr\/fr\/wp-json\/wp\/v2\/types\/page"}],"author":[{"embeddable":true,"href":"https:\/\/archimandritis.fr\/fr\/wp-json\/wp\/v2\/users\/1"}],"replies":[{"embeddable":true,"href":"https:\/\/archimandritis.fr\/fr\/wp-json\/wp\/v2\/comments?post=4008"}],"version-history":[{"count":25,"href":"https:\/\/archimandritis.fr\/fr\/wp-json\/wp\/v2\/pages\/4008\/revisions"}],"predecessor-version":[{"id":4614,"href":"https:\/\/archimandritis.fr\/fr\/wp-json\/wp\/v2\/pages\/4008\/revisions\/4614"}],"wp:attachment":[{"href":"https:\/\/archimandritis.fr\/fr\/wp-json\/wp\/v2\/media?parent=4008"}],"curies":[{"name":"wp","href":"https:\/\/api.w.org\/{rel}","templated":true}]}}